{"id":21,"date":"2024-08-23T22:05:22","date_gmt":"2024-08-23T22:05:22","guid":{"rendered":"http:\/\/cobifiss.com\/?page_id=21"},"modified":"2024-09-27T10:36:32","modified_gmt":"2024-09-27T09:36:32","slug":"inscription","status":"publish","type":"page","link":"https:\/\/cobifiss.com\/?page_id=21","title":{"rendered":"INSCRIPTION"},"content":{"rendered":"\n<div class=\"wp-block-cover alignfull\" style=\"margin-top:0;margin-bottom:0;padding-top:0px;padding-bottom:80px;min-height:300px;aspect-ratio:unset;\"><span aria-hidden=\"true\" class=\"wp-block-cover__background has-black-background-color has-background-dim\"><\/span><img loading=\"lazy\" decoding=\"async\" width=\"1040\" height=\"780\" class=\"wp-block-cover__image-background wp-image-71\" alt=\"\" src=\"https:\/\/cobifiss.com\/wp-content\/uploads\/2024\/08\/315862185_149798891130969_8548306710149325821_n.jpg\" style=\"object-position:52% 27%\" data-object-fit=\"cover\" data-object-position=\"52% 27%\" srcset=\"https:\/\/cobifiss.com\/wp-content\/uploads\/2024\/08\/315862185_149798891130969_8548306710149325821_n.jpg 1040w, https:\/\/cobifiss.com\/wp-content\/uploads\/2024\/08\/315862185_149798891130969_8548306710149325821_n-300x225.jpg 300w, https:\/\/cobifiss.com\/wp-content\/uploads\/2024\/08\/315862185_149798891130969_8548306710149325821_n-1024x768.jpg 1024w, https:\/\/cobifiss.com\/wp-content\/uploads\/2024\/08\/315862185_149798891130969_8548306710149325821_n-768x576.jpg 768w\" sizes=\"auto, (max-width: 1040px) 100vw, 1040px\" \/><div class=\"wp-block-cover__inner-container has-global-padding is-layout-constrained wp-container-core-cover-is-layout-d4c6b484 wp-block-cover-is-layout-constrained\">\n<div style=\"height:150px\" aria-hidden=\"true\" class=\"wp-block-spacer\"><\/div>\n\n\n\n<h1 class=\"wp-block-heading has-text-align-center has-text-color has-link-color has-suranna-font-family wp-elements-83ebeff96591c5573a8ae5f9e87540ea\" style=\"color:#ffffff;font-size:clamp(38.682px, 2.418rem + ((1vw - 3.2px) * 3.786), 72px);font-style:normal;font-weight:500\">ACCUEIL <strong>| INSCRIPTION<\/strong><\/h1>\n<\/div><\/div>\n\n\n\n<section class=\"wp-block-group alignfull has-text-color has-background has-global-padding is-layout-constrained wp-container-core-group-is-layout-fbbc3d1e wp-block-group-is-layout-constrained\" style=\"border-style:none;border-width:0px;color:#3e3e3e;background-color:#e9e9e9;margin-top:0px;padding-top:1rem;padding-right:1rem;padding-bottom:7rem;padding-left:1rem;font-size:clamp(0.875rem, 0.875rem + ((1vw - 0.2rem) * 0.464), 1.13rem);font-style:normal;font-weight:400;line-height:1.4\">\n<div class=\"wp-block-group has-global-padding is-layout-constrained wp-block-group-is-layout-constrained\" style=\"padding-bottom:2rem\">\n<h2 class=\"wp-block-heading has-text-align-center has-text-color has-link-color wp-elements-93d11a761d93d4f07e7492f21978d0fe\" style=\"color:#3e3e3e;font-size:clamp(1.453rem, 1.453rem + ((1vw - 0.2rem) * 1.722), 2.4rem);\"><strong>F.A.Q<\/strong><\/h2>\n<\/div>\n\n\n\n<div class=\"wp-block-columns is-layout-flex wp-container-core-columns-is-layout-c18c890d wp-block-columns-is-layout-flex\" style=\"padding-top:0;padding-right:0;padding-bottom:0;padding-left:0\">\n<div class=\"wp-block-column is-layout-flow wp-block-column-is-layout-flow\" style=\"padding-bottom:1rem\">\n<div class=\"wp-block-columns is-not-stacked-on-mobile is-layout-flex wp-container-core-columns-is-layout-04762b02 wp-block-columns-is-layout-flex\" style=\"padding-right:0;padding-left:0;box-shadow:6px 6px 0px rgba(0, 0, 0, 0.2)\">\n<div class=\"wp-block-column is-layout-flow wp-container-core-column-is-layout-215ed0c7 wp-block-column-is-layout-flow\">\n<h3 class=\"wp-block-heading has-text-color has-link-color wp-elements-1bba015e26f2c319615a0c35b716a7df\" style=\"color:#f48e1d;font-size:clamp(0.875rem, 0.875rem + ((1vw - 0.2rem) * 0.591), 1.2rem);font-style:normal;font-weight:400\"><strong>LIENS UTILES<\/strong><\/h3>\n\n\n\n<hr class=\"wp-block-separator has-text-color has-alpha-channel-opacity has-background is-style-wide\" style=\"background-color:#f48e1d;color:#f48e1d\"\/>\n\n\n\n<ul class=\"wp-block-list\">\n<li style=\"margin-top:var(--wp--preset--spacing--20);margin-right:0;margin-bottom:var(--wp--preset--spacing--20);margin-left:0;padding-top:0;padding-right:var(--wp--preset--spacing--20);padding-bottom:0;padding-left:var(--wp--preset--spacing--20)\"><a href=\"https:\/\/cobifiss.com\/wp-content\/uploads\/2024\/08\/FICHE-DE-PREINSCRIPTION_IPES_COBIFISS.pdf\" data-type=\"link\" data-id=\"https:\/\/cobifiss.com\/wp-content\/uploads\/2024\/08\/FICHE-DE-PREINSCRIPTION_IPES_COBIFISS.pdf\">T\u00e9l\u00e9charger la fiche de pr\u00e9-inscription (\u00e0 t\u00e9l\u00e9charger) sur le site ou retire \u00e0 la direction<\/a>;<\/li>\n\n\n\n<li style=\"margin-top:var(--wp--preset--spacing--20);margin-right:0;margin-bottom:var(--wp--preset--spacing--20);margin-left:0;padding-top:0;padding-right:var(--wp--preset--spacing--20);padding-bottom:0;padding-left:var(--wp--preset--spacing--20)\">Photocopie certifi\u00e9e conforme de l&rsquo;acte de naissance;<\/li>\n\n\n\n<li style=\"margin-top:var(--wp--preset--spacing--20);margin-right:0;margin-bottom:var(--wp--preset--spacing--20);margin-left:0;padding-top:0;padding-right:var(--wp--preset--spacing--20);padding-bottom:0;padding-left:var(--wp--preset--spacing--20)\">Photocopie de la CNI;<\/li>\n\n\n\n<li>Photocopies certifi\u00e9e des dipl\u00f4mes (Prob, Bacc, Licence);<\/li>\n\n\n\n<li><a href=\"https:\/\/cobifiss.com\/wp-content\/uploads\/2024\/08\/FICHE-VISITE-MEDICALE_PREINSCRIPTION_IPES_COBIFISS-\u526f\u672c.pdf\" data-type=\"link\" data-id=\"https:\/\/cobifiss.com\/wp-content\/uploads\/2024\/08\/FICHE-VISITE-MEDICALE_PREINSCRIPTION_IPES_COBIFISS-\u526f\u672c.pdf\">Certificat m\u00e9dical;<\/a><\/li>\n\n\n\n<li>Re\u00e7u du paiement des frais d&rsquo;\u00e9tudes de dossier (20.000fcfa) au compte BANQUE ATLANTIQUE CAMEROUN; N\u00b0100341101798300004-45 (COBIFISS);<\/li>\n\n\n\n<li>04 photos 4&#215;4;<\/li>\n\n\n\n<li>Enveloppe A4 portant les informations du candidat.<\/li>\n<\/ul>\n<\/div>\n<\/div>\n<\/div>\n\n\n\n<div class=\"wp-block-column is-layout-flow wp-block-column-is-layout-flow\" style=\"padding-bottom:1rem\">\n<div class=\"wp-block-columns is-not-stacked-on-mobile is-layout-flex wp-container-core-columns-is-layout-04762b02 wp-block-columns-is-layout-flex\" style=\"padding-right:0;padding-left:0\">\n<div class=\"wp-block-column is-layout-flow wp-container-core-column-is-layout-215ed0c7 wp-block-column-is-layout-flow\" style=\"box-shadow:6px 6px 0px rgba(0, 0, 0, 0.2)\">\n<h3 class=\"wp-block-heading has-text-color has-link-color wp-elements-7bbcd4a48f0812ed2d98b0106750028c\" style=\"color:#f48e1d;font-size:clamp(0.875rem, 0.875rem + ((1vw - 0.2rem) * 0.591), 1.2rem);font-style:normal;font-weight:400\"><strong>MINEFOP FORMATION<\/strong><\/h3>\n\n\n\n<hr class=\"wp-block-separator has-text-color has-alpha-channel-opacity has-background is-style-wide\" style=\"background-color:#f48e1d;color:#f48e1d\"\/>\n\n\n\n<ul class=\"wp-block-list\">\n<li style=\"margin-top:var(--wp--preset--spacing--20);margin-right:0;margin-bottom:var(--wp--preset--spacing--20);margin-left:0;padding-right:0;padding-left:0\">Admis sur \u00e9tude de dossier;<\/li>\n\n\n\n<li style=\"margin-top:var(--wp--preset--spacing--20);margin-right:0;margin-bottom:var(--wp--preset--spacing--20);margin-left:0;padding-right:0;padding-left:0\">Avoir au minimum un BEPC ou un Probatoire;<\/li>\n\n\n\n<li style=\"margin-top:var(--wp--preset--spacing--20);margin-right:0;margin-bottom:var(--wp--preset--spacing--20);margin-left:0;padding-right:0;padding-left:0\">Telecharger la fiche d&rsquo;inscription sur le site;<\/li>\n\n\n\n<li style=\"margin-top:var(--wp--preset--spacing--20);margin-right:0;margin-bottom:var(--wp--preset--spacing--20);margin-left:0;padding-right:0;padding-left:0\">D\u00e9poser Sa Fiche d&rsquo;inscription au COBIFISS.<\/li>\n<\/ul>\n<\/div>\n<\/div>\n<\/div>\n<\/div>\n\n\n\n<p><\/p>\n\n\n\n<div class=\"wp-block-columns is-layout-flex wp-container-core-columns-is-layout-2cddd1b0 wp-block-columns-is-layout-flex\" style=\"padding-right:0;padding-left:0\">\n<div class=\"wp-block-column is-layout-flow wp-block-column-is-layout-flow\" style=\"padding-bottom:1rem\">\n<div class=\"wp-block-columns is-not-stacked-on-mobile is-layout-flex wp-container-core-columns-is-layout-04762b02 wp-block-columns-is-layout-flex\" style=\"padding-right:0;padding-left:0;box-shadow:6px 6px 0px rgba(0, 0, 0, 0.2)\">\n<div class=\"wp-block-column is-layout-flow wp-container-core-column-is-layout-215ed0c7 wp-block-column-is-layout-flow\">\n<h3 class=\"wp-block-heading has-text-color has-link-color wp-elements-abdba0f2a7d1fb15a5577c6d358ed140\" style=\"color:#f48e1d;font-size:clamp(0.875rem, 0.875rem + ((1vw - 0.2rem) * 0.591), 1.2rem);font-style:normal;font-weight:400\"><strong>MINESUP FORMATION BTS\/HND<\/strong><\/h3>\n\n\n\n<hr class=\"wp-block-separator has-text-color has-alpha-channel-opacity has-background is-style-wide\" style=\"background-color:#f48e1d;color:#f48e1d\"\/>\n\n\n\n<ul class=\"wp-block-list\">\n<li style=\"margin-top:var(--wp--preset--spacing--20);margin-right:0;margin-bottom:var(--wp--preset--spacing--20);margin-left:0\">T\u00e9l\u00e9charger et remplissez la fiche d&rsquo;inscription sur le site;<\/li>\n\n\n\n<li style=\"margin-top:var(--wp--preset--spacing--20);margin-right:0;margin-bottom:var(--wp--preset--spacing--20);margin-left:0\">Une Demande timbr\u00e9e;<\/li>\n\n\n\n<li style=\"margin-top:var(--wp--preset--spacing--20);margin-right:0;margin-bottom:var(--wp--preset--spacing--20);margin-left:0\">Une Photocopie de l&rsquo;acte de naissance;<\/li>\n\n\n\n<li style=\"margin-top:var(--wp--preset--spacing--20);margin-right:0;margin-bottom:var(--wp--preset--spacing--20);margin-left:0\">Une Photocopie du dernie dipl\u00f4me \/ relev\u00e9 de notes;<\/li>\n\n\n\n<li style=\"margin-top:var(--wp--preset--spacing--20);margin-right:0;margin-bottom:var(--wp--preset--spacing--20);margin-left:0\">Un carnet de vaccination;<\/li>\n\n\n\n<li style=\"margin-top:var(--wp--preset--spacing--20);margin-right:0;margin-bottom:var(--wp--preset--spacing--20);margin-left:0\">Une photocopie de la CNI;<\/li>\n\n\n\n<li style=\"margin-top:var(--wp--preset--spacing--20);margin-right:0;margin-bottom:var(--wp--preset--spacing--20);margin-left:0\">D\u00e9poser le dossier complet \u00e0 COBIFISS.<\/li>\n<\/ul>\n<\/div>\n<\/div>\n<\/div>\n\n\n\n<div class=\"wp-block-column is-layout-flow wp-block-column-is-layout-flow\" style=\"padding-bottom:1rem\">\n<div class=\"wp-block-columns is-not-stacked-on-mobile is-layout-flex wp-container-core-columns-is-layout-04762b02 wp-block-columns-is-layout-flex\" style=\"padding-right:0;padding-left:0\">\n<div class=\"wp-block-column is-layout-flow wp-container-core-column-is-layout-215ed0c7 wp-block-column-is-layout-flow\" style=\"box-shadow:6px 6px 0px rgba(0, 0, 0, 0.2)\">\n<h5 class=\"wp-block-heading has-text-color has-link-color wp-elements-c0a616ef32a387dd53cfd9eff310dadf\" style=\"color:#f48e1d;font-size:clamp(0.875rem, 0.875rem + ((1vw - 0.2rem) * 0.591), 1.2rem);font-style:normal;font-weight:400\"><strong>MINSANTE FORMATION TMPS<\/strong><\/h5>\n\n\n\n<hr class=\"wp-block-separator has-text-color has-alpha-channel-opacity has-background is-style-wide\" style=\"background-color:#f48e1d;color:#f48e1d\"\/>\n\n\n\n<ul class=\"wp-block-list\">\n<li style=\"margin-top:var(--wp--preset--spacing--20);margin-bottom:var(--wp--preset--spacing--20)\">Choisir COBIFISS lors de votre admission au concours national du MINSANTE en Ao\u00fbt;<\/li>\n\n\n\n<li style=\"margin-top:var(--wp--preset--spacing--20);margin-bottom:var(--wp--preset--spacing--20)\">D\u00e8s l&rsquo;admission, Telecharger la fiche d&rsquo;inscription et la remplir;<\/li>\n\n\n\n<li style=\"margin-top:var(--wp--preset--spacing--20);margin-bottom:var(--wp--preset--spacing--20)\">D\u00e9poser le dossier complet \u00e0 COBIFISS.<\/li>\n<\/ul>\n<\/div>\n<\/div>\n<\/div>\n<\/div>\n\n\n\n<div class=\"wp-block-columns is-layout-flex wp-container-core-columns-is-layout-cf05694f wp-block-columns-is-layout-flex\">\n<div class=\"wp-block-column is-layout-flow wp-block-column-is-layout-flow\" style=\"padding-bottom:1rem\">\n<div class=\"wp-block-columns is-not-stacked-on-mobile is-layout-flex wp-container-core-columns-is-layout-04762b02 wp-block-columns-is-layout-flex\" style=\"padding-right:0;padding-left:0;box-shadow:6px 6px 0px rgba(0, 0, 0, 0.2)\">\n<div class=\"wp-block-column is-layout-flow wp-container-core-column-is-layout-215ed0c7 wp-block-column-is-layout-flow\">\n<h3 class=\"wp-block-heading has-text-color has-link-color wp-elements-d2552f899e4d54b21b3e0425488841c2\" style=\"color:#f48e1d;font-size:clamp(0.875rem, 0.875rem + ((1vw - 0.2rem) * 0.591), 1.2rem);font-style:normal;font-weight:400\"><strong>ETUDIANTS ETRANGERS<\/strong><\/h3>\n\n\n\n<hr class=\"wp-block-separator has-text-color has-alpha-channel-opacity has-background is-style-wide\" style=\"background-color:#f48e1d;color:#f48e1d\"\/>\n\n\n\n<div class=\"wp-block-group has-global-padding is-layout-constrained wp-block-group-is-layout-constrained\">\n<ul class=\"wp-block-list\">\n<li style=\"margin-top:var(--wp--preset--spacing--20);margin-right:0;margin-bottom:var(--wp--preset--spacing--20);margin-left:0;padding-top:0;padding-right:var(--wp--preset--spacing--20);padding-bottom:0;padding-left:var(--wp--preset--spacing--20)\">Demandez \u00e0 l&rsquo;ambassadeur l&rsquo;autorisation de frequenter au Cameroun;<\/li>\n\n\n\n<li style=\"margin-top:var(--wp--preset--spacing--20);margin-right:0;margin-bottom:var(--wp--preset--spacing--20);margin-left:0;padding-top:0;padding-right:var(--wp--preset--spacing--20);padding-bottom:0;padding-left:var(--wp--preset--spacing--20)\">L&rsquo;Ambassadeur, par lettre, demande au Ministre de la Sant\u00e9 Publique l&rsquo;autorisation de former ses compatriotes;<\/li>\n\n\n\n<li style=\"margin-top:var(--wp--preset--spacing--20);margin-right:0;margin-bottom:var(--wp--preset--spacing--20);margin-left:0;padding-top:0;padding-right:var(--wp--preset--spacing--20);padding-bottom:0;padding-left:var(--wp--preset--spacing--20)\">Le MINSANTE donne l&rsquo;autorisation.<\/li>\n<\/ul>\n<\/div>\n<\/div>\n<\/div>\n<\/div>\n\n\n\n<div class=\"wp-block-column is-layout-flow wp-block-column-is-layout-flow\" style=\"padding-bottom:1rem\">\n<div class=\"wp-block-columns is-not-stacked-on-mobile is-layout-flex wp-container-core-columns-is-layout-04762b02 wp-block-columns-is-layout-flex\" style=\"padding-right:0;padding-left:0\">\n<div class=\"wp-block-column is-layout-flow wp-container-core-column-is-layout-215ed0c7 wp-block-column-is-layout-flow\" style=\"box-shadow:6px 6px 0px rgba(0, 0, 0, 0.2)\"><\/div>\n<\/div>\n<\/div>\n<\/div>\n<\/section>\n","protected":false},"excerpt":{"rendered":"<p>F.A.Q LIENS UTILES MINEFOP FORMATION MINESUP FORMATION BTS\/HND MINSANTE FORMATION TMPS ETUDIANTS ETRANGERS<\/p>\n","protected":false},"author":1,"featured_media":0,"parent":0,"menu_order":0,"comment_status":"closed","ping_status":"closed","template":"","meta":{"footnotes":""},"class_list":["post-21","page","type-page","status-publish","hentry"],"_links":{"self":[{"href":"https:\/\/cobifiss.com\/index.php?rest_route=\/wp\/v2\/pages\/21","targetHints":{"allow":["GET"]}}],"collection":[{"href":"https:\/\/cobifiss.com\/index.php?rest_route=\/wp\/v2\/pages"}],"about":[{"href":"https:\/\/cobifiss.com\/index.php?rest_route=\/wp\/v2\/types\/page"}],"author":[{"embeddable":true,"href":"https:\/\/cobifiss.com\/index.php?rest_route=\/wp\/v2\/users\/1"}],"replies":[{"embeddable":true,"href":"https:\/\/cobifiss.com\/index.php?rest_route=%2Fwp%2Fv2%2Fcomments&post=21"}],"version-history":[{"count":17,"href":"https:\/\/cobifiss.com\/index.php?rest_route=\/wp\/v2\/pages\/21\/revisions"}],"predecessor-version":[{"id":231,"href":"https:\/\/cobifiss.com\/index.php?rest_route=\/wp\/v2\/pages\/21\/revisions\/231"}],"wp:attachment":[{"href":"https:\/\/cobifiss.com\/index.php?rest_route=%2Fwp%2Fv2%2Fmedia&parent=21"}],"curies":[{"name":"wp","href":"https:\/\/api.w.org\/{rel}","templated":true}]}}