{"id":19,"date":"2024-08-23T22:04:48","date_gmt":"2024-08-23T22:04:48","guid":{"rendered":"http:\/\/cobifiss.com\/?page_id=19"},"modified":"2024-08-25T18:15:13","modified_gmt":"2024-08-25T18:15:13","slug":"a-propos","status":"publish","type":"page","link":"https:\/\/cobifiss.com\/?page_id=19","title":{"rendered":"A PROPOS"},"content":{"rendered":"\n<div class=\"wp-block-cover alignfull is-light\" style=\"min-height:350px;aspect-ratio:unset;\"><span aria-hidden=\"true\" class=\"wp-block-cover__background has-background-dim-40 has-background-dim\" style=\"background-color:#8f9688\"><\/span><img loading=\"lazy\" decoding=\"async\" width=\"1080\" height=\"810\" class=\"wp-block-cover__image-background wp-image-164\" alt=\"\" src=\"https:\/\/cobifiss.com\/wp-content\/uploads\/2024\/08\/WhatsApp-Image-2024-08-20-a-12.43.28_9fca6178.jpg\" style=\"object-position:55% 58%\" data-object-fit=\"cover\" data-object-position=\"55% 58%\" srcset=\"https:\/\/cobifiss.com\/wp-content\/uploads\/2024\/08\/WhatsApp-Image-2024-08-20-a-12.43.28_9fca6178.jpg 1080w, https:\/\/cobifiss.com\/wp-content\/uploads\/2024\/08\/WhatsApp-Image-2024-08-20-a-12.43.28_9fca6178-300x225.jpg 300w, https:\/\/cobifiss.com\/wp-content\/uploads\/2024\/08\/WhatsApp-Image-2024-08-20-a-12.43.28_9fca6178-1024x768.jpg 1024w, https:\/\/cobifiss.com\/wp-content\/uploads\/2024\/08\/WhatsApp-Image-2024-08-20-a-12.43.28_9fca6178-768x576.jpg 768w\" sizes=\"auto, (max-width: 1080px) 100vw, 1080px\" \/><div class=\"wp-block-cover__inner-container has-global-padding is-layout-constrained wp-container-core-cover-is-layout-4383d167 wp-block-cover-is-layout-constrained\">\n<div style=\"height:100px\" aria-hidden=\"true\" class=\"wp-block-spacer\"><\/div>\n\n\n\n<h2 class=\"wp-block-heading has-text-align-center has-text-color has-link-color has-cormorant-font-family wp-elements-e14fb492118f7240f1061c0fa4af0432\" style=\"color:#ffffff;font-size:clamp(25.5px, 1.594rem + ((1vw - 3.2px) * 1.989), 43px);font-style:normal;font-weight:400;text-transform:uppercase\">ACCUEIL <strong>| A PROPOS<\/strong><\/h2>\n<\/div><\/div>\n\n\n\n<div class=\"wp-block-group alignfull has-global-padding is-layout-constrained wp-container-core-group-is-layout-69b77912 wp-block-group-is-layout-constrained\" style=\"margin-top:0px;margin-bottom:0px;padding-top:0rem;padding-right:0;padding-left:0\"><\/div>\n\n\n\n<div class=\"wp-block-group alignfull has-global-padding is-layout-constrained wp-container-core-group-is-layout-69b77912 wp-block-group-is-layout-constrained\" style=\"margin-top:0px;margin-bottom:0px;padding-top:0rem;padding-right:0;padding-left:0\">\n<div class=\"wp-block-columns are-vertically-aligned-center is-layout-flex wp-container-core-columns-is-layout-9a69a8c5 wp-block-columns-is-layout-flex\" style=\"margin-top:0px;margin-bottom:0px;padding-right:0px;padding-left:0px\">\n<div class=\"wp-block-column is-vertically-aligned-center is-layout-flow wp-block-column-is-layout-flow\" style=\"padding-right:0px;padding-left:0px;flex-basis:50%\">\n<div class=\"wp-block-cover is-light\" style=\"padding-top:0px;padding-right:0px;padding-bottom:0px;padding-left:0px;min-height:650px;aspect-ratio:unset;\"><span aria-hidden=\"true\" class=\"wp-block-cover__background has-background-dim-0 has-background-dim\" style=\"background-color:#e0c5b9\"><\/span><img loading=\"lazy\" decoding=\"async\" width=\"584\" height=\"457\" class=\"wp-block-cover__image-background wp-image-128\" alt=\"\" src=\"https:\/\/cobifiss.com\/wp-content\/uploads\/2024\/08\/promoteur-1-e1724457753378.jpg\" data-object-fit=\"cover\" srcset=\"https:\/\/cobifiss.com\/wp-content\/uploads\/2024\/08\/promoteur-1-e1724457753378.jpg 584w, https:\/\/cobifiss.com\/wp-content\/uploads\/2024\/08\/promoteur-1-e1724457753378-300x235.jpg 300w\" sizes=\"auto, (max-width: 584px) 100vw, 584px\" \/><div class=\"wp-block-cover__inner-container is-layout-flow wp-block-cover-is-layout-flow\">\n<p class=\"has-text-align-center has-large-font-size\"><\/p>\n<\/div><\/div>\n<\/div>\n\n\n\n<div class=\"wp-block-column is-vertically-aligned-center has-global-padding is-content-justification-left is-layout-constrained wp-container-core-column-is-layout-4b436176 wp-block-column-is-layout-constrained\" style=\"padding-right:0rem;padding-left:0rem\">\n<div class=\"wp-block-group is-vertical is-layout-flex wp-container-core-group-is-layout-6cde0e53 wp-block-group-is-layout-flex\" style=\"margin-top:0px;margin-bottom:2rem;padding-right:1rem;padding-left:1rem;line-height:0.5\">\n<h2 class=\"wp-block-heading has-text-align-left has-text-color has-cormorant-font-family\" style=\"color:#141e31;margin-bottom:0rem;padding-bottom:0px;font-size:clamp(1.696rem, 1.696rem + ((1vw - 0.2rem) * 2.189), 2.9rem);font-style:normal;font-weight:500;line-height:0.6;text-transform:uppercase\">A PROPOS DE COBIFISS<\/h2>\n\n\n\n<figure class=\"wp-block-image size-large is-resized\"><img decoding=\"async\" src=\"https:\/\/tyler.com\/wp-content\/uploads\/2023\/11\/stone-line.svg\" alt=\"\" class=\"wp-image-1468\" style=\"object-fit:cover;width:200px;height:3px\"\/><\/figure>\n\n\n\n<p class=\"has-text-color has-mulish-font-family\" style=\"color:#3f3f3f;margin-top:2rem;font-size:clamp(0.875rem, 0.875rem + ((1vw - 0.2rem) * 0.045), 0.9rem);font-style:normal;font-weight:700;line-height:1.5\">le COBIFISS incarne la vision d&rsquo;un enseignement sup\u00e9rieur rigoureaux et int\u00e9gratif.<\/p>\n\n\n\n<p class=\"has-text-color\" style=\"color:#3f3f3f;font-size:clamp(0.875rem, 0.875rem + ((1vw - 0.2rem) * 0.045), 0.9rem);font-style:normal;font-weight:400;line-height:1.5\"><em><strong>COBIFISS <\/strong><\/em><strong>se distingue par la qualit\u00e9 de son corps enseignant, ses infrastructures p\u00e9dagogiques et ses appareils de pointe. Les \u00e9tudiants, qu\u2019ils soient Camerounais ou internationaux, b\u00e9n\u00e9ficient d\u2019une formation ax\u00e9e sur la pratique, avec des \u00e9quipements modernes et des partenariats solides avec des \u00e9tablissements de sant\u00e9 r\u00e9gionaux. Les fili\u00e8res propos\u00e9es, allant des sciences m\u00e9dico-sanitaires aux techniques biom\u00e9dicales, en passant par le g\u00e9niebiologique, sont connues pour former des professionnels comp\u00e9tents et polyvalents, pr\u00eats \u00e0 relever les d\u00e9fis de demain.La particularit\u00e9 du COBIFISS r\u00e9side \u00e9galement dans son ouverture bilingue, offrant des programmes en fran\u00e7ais et en anglais, ce qui renforce son attractivit\u00e9 et son rayonnement r\u00e9gional. Les modalit\u00e9s d\u2019inscription, accessibles et adapt\u00e9s au contexte socio-\u00e9conomique local, t\u00e9moignent de l\u2019engagement de l\u2019institution \u00e0 rendre l\u2019\u00e9ducation de qualit\u00e9 accessible au plus grand nombre.<\/strong><\/p>\n\n\n\n<p class=\"has-text-color\" style=\"color:#3f3f3f;font-size:clamp(0.875rem, 0.875rem + ((1vw - 0.2rem) * 0.045), 0.9rem);font-style:normal;font-weight:400;line-height:1.5\"><\/p>\n\n\n\n<div class=\"wp-block-group is-layout-flex wp-container-core-group-is-layout-dbf4286d wp-block-group-is-layout-flex\" style=\"margin-top:3rem\">\n<div class=\"wp-block-group is-vertical is-content-justification-stretch is-layout-flex wp-container-core-group-is-layout-be82aac6 wp-block-group-is-layout-flex\" style=\"margin-top:0rem;padding-right:0px;padding-left:0px\">\n<div class=\"wp-block-group has-global-padding is-content-justification-left is-layout-constrained wp-container-core-group-is-layout-27db7549 wp-block-group-is-layout-constrained\" style=\"margin-top:0px\">\n<div class=\"wp-block-buttons is-horizontal is-content-justification-right is-layout-flex wp-container-core-buttons-is-layout-099266fd wp-block-buttons-is-layout-flex\" style=\"margin-top:0.51rem\">\n<div class=\"wp-block-button has-custom-width wp-block-button__width-100 has-custom-font-size is-style-fill has-mulish-font-family\" style=\"font-size:clamp(0.875rem, 0.875rem + ((1vw - 0.2rem) * 0.045), 0.9rem);font-style:normal;font-weight:600;line-height:1.5;text-transform:uppercase\"><a class=\"wp-block-button__link has-text-color has-background wp-element-button\" href=\"https:\/\/cobifiss.com\/?page_id=13\" style=\"border-style:none;border-width:0px;border-radius:0rem;color:#ffffff;background-color:#1173c5;padding-top:1.01rem;padding-right:1rem;padding-bottom:1.01rem;padding-left:1rem\">consulter nos formations<\/a><\/div>\n<\/div>\n<\/div>\n<\/div>\n\n\n\n<div class=\"wp-block-group is-vertical is-content-justification-stretch is-nowrap is-layout-flex wp-container-core-group-is-layout-f1946190 wp-block-group-is-layout-flex\" style=\"margin-top:0rem;padding-right:0px;padding-left:0px\">\n<div class=\"wp-block-group is-nowrap is-layout-flex wp-container-core-group-is-layout-5cb4ff69 wp-block-group-is-layout-flex\" style=\"margin-top:0px\">\n<figure class=\"wp-block-image size-large is-resized\"><img decoding=\"async\" src=\"https:\/\/tyler.com\/wp-content\/uploads\/2023\/11\/stone-phone.svg\" alt=\"\" class=\"wp-image-1467\" style=\"width:20px\"\/><\/figure>\n\n\n\n<div class=\"wp-block-buttons is-horizontal is-content-justification-left is-layout-flex wp-container-core-buttons-is-layout-c4719c80 wp-block-buttons-is-layout-flex\">\n<div class=\"wp-block-button has-custom-font-size is-style-fill\" style=\"font-size:0.7rem;font-style:normal;font-weight:600;line-height:1.5;text-transform:uppercase\"><a class=\"wp-block-button__link has-text-color has-background wp-element-button\" href=\"tel:#\" style=\"border-style:none;border-width:0px;border-radius:0rem;color:#141e31;background-color:#ffffff;padding-top:0.5rem;padding-right:0.5rem;padding-bottom:0.5rem;padding-left:0.5rem\">Pour Plus d&rsquo;information<br>Call: 6<strong>55 665 239 \/ 620 133 146<\/strong><\/a><\/div>\n<\/div>\n<\/div>\n<\/div>\n<\/div>\n<\/div>\n<\/div>\n<\/div>\n<\/div>\n\n\n\n<p><\/p>\n","protected":false},"excerpt":{"rendered":"<p>A PROPOS DE COBIFISS le COBIFISS incarne la vision d&rsquo;un enseignement sup\u00e9rieur rigoureaux et int\u00e9gratif. COBIFISS se distingue par la qualit\u00e9 de son corps enseignant, ses infrastructures p\u00e9dagogiques et ses appareils de pointe. Les \u00e9tudiants, qu\u2019ils soient Camerounais ou internationaux, b\u00e9n\u00e9ficient d\u2019une formation ax\u00e9e sur la pratique, avec des \u00e9quipements modernes et des partenariats solides [&hellip;]<\/p>\n","protected":false},"author":1,"featured_media":0,"parent":0,"menu_order":0,"comment_status":"closed","ping_status":"closed","template":"","meta":{"footnotes":""},"class_list":["post-19","page","type-page","status-publish","hentry"],"_links":{"self":[{"href":"https:\/\/cobifiss.com\/index.php?rest_route=\/wp\/v2\/pages\/19","targetHints":{"allow":["GET"]}}],"collection":[{"href":"https:\/\/cobifiss.com\/index.php?rest_route=\/wp\/v2\/pages"}],"about":[{"href":"https:\/\/cobifiss.com\/index.php?rest_route=\/wp\/v2\/types\/page"}],"author":[{"embeddable":true,"href":"https:\/\/cobifiss.com\/index.php?rest_route=\/wp\/v2\/users\/1"}],"replies":[{"embeddable":true,"href":"https:\/\/cobifiss.com\/index.php?rest_route=%2Fwp%2Fv2%2Fcomments&post=19"}],"version-history":[{"count":7,"href":"https:\/\/cobifiss.com\/index.php?rest_route=\/wp\/v2\/pages\/19\/revisions"}],"predecessor-version":[{"id":191,"href":"https:\/\/cobifiss.com\/index.php?rest_route=\/wp\/v2\/pages\/19\/revisions\/191"}],"wp:attachment":[{"href":"https:\/\/cobifiss.com\/index.php?rest_route=%2Fwp%2Fv2%2Fmedia&parent=19"}],"curies":[{"name":"wp","href":"https:\/\/api.w.org\/{rel}","templated":true}]}}